{"id":9,"date":"2022-06-09T05:17:39","date_gmt":"2022-06-09T05:17:39","guid":{"rendered":"https:\/\/activepraus.com\/mi-cuenta\/"},"modified":"2023-04-18T03:29:14","modified_gmt":"2023-04-18T03:29:14","slug":"mi-cuenta","status":"publish","type":"page","link":"https:\/\/activepraus.com\/es\/mi-cuenta\/","title":{"rendered":"MI CUENTA"},"content":{"rendered":"\t\t<div data-elementor-type=\"wp-page\" data-elementor-id=\"9\" class=\"elementor elementor-9\" data-elementor-post-type=\"page\">\n\t\t\t\t\t\t<section class=\"elementor-section elementor-top-section elementor-element elementor-element-48257d01 elementor-section-boxed elementor-section-height-default elementor-section-height-default\" data-id=\"48257d01\" data-element_type=\"section\" data-e-type=\"section\">\n\t\t\t\t\t\t\t<div class=\"elementor-background-overlay\"><\/div>\n\t\t\t\t\t\t\t<div class=\"elementor-container elementor-column-gap-default\">\n\t\t\t\t\t<div class=\"elementor-column elementor-col-100 elementor-top-column elementor-element elementor-element-5ddbde0e\" data-id=\"5ddbde0e\" data-element_type=\"column\" data-e-type=\"column\">\n\t\t\t<div class=\"elementor-widget-wrap elementor-element-populated\">\n\t\t\t\t\t\t<div class=\"elementor-element elementor-element-16be2860 elementor-widget elementor-widget-text-editor\" data-id=\"16be2860\" data-element_type=\"widget\" data-e-type=\"widget\" data-widget_type=\"text-editor.default\">\n\t\t\t\t<div class=\"elementor-widget-container\">\n\t\t\t\t\t\t\t\t\t<div class=\"woocommerce\">\n<div class=\"woocommerce-notices-wrapper\"><\/div>\n<div class=\"u-columns col2-set\" id=\"customer_login\">\n<div class=\"u-column1 col-1\">\n<h2>Acceder<\/h2>\n<form class=\"woocommerce-form woocommerce-form-login login\" method=\"post\" novalidate>\n<p class=\"woocommerce-form-row woocommerce-form-row--wide form-row form-row-wide\">\n\t\t\t\t<label for=\"username\">Nombre de usuario o correo electr\u00f3nico&nbsp;<span class=\"required\" aria-hidden=\"true\">*<\/span><span class=\"screen-reader-text\">Obligatorio<\/span><\/label><br \/>\n\t\t\t\t<input type=\"text\" class=\"woocommerce-Input woocommerce-Input--text input-text\" name=\"username\" id=\"username\" autocomplete=\"username\" value=\"\" required aria-required=\"true\" \/>\t\t\t<\/p>\n<p class=\"woocommerce-form-row woocommerce-form-row--wide form-row form-row-wide\">\n\t\t\t\t<label for=\"password\">Contrase\u00f1a&nbsp;<span class=\"required\" aria-hidden=\"true\">*<\/span><span class=\"screen-reader-text\">Obligatorio<\/span><\/label><br \/>\n\t\t\t\t<input class=\"woocommerce-Input woocommerce-Input--text input-text\" type=\"password\" name=\"password\" id=\"password\" autocomplete=\"current-password\" required aria-required=\"true\" \/>\n\t\t\t<\/p>\n<p class=\"form-row\">\n\t\t\t\t<label class=\"woocommerce-form__label woocommerce-form__label-for-checkbox woocommerce-form-login__rememberme\"><br \/>\n\t\t\t\t\t<input class=\"woocommerce-form__input woocommerce-form__input-checkbox\" name=\"rememberme\" type=\"checkbox\" id=\"rememberme\" value=\"forever\" \/> <span>Recu\u00e9rdame<\/span><br \/>\n\t\t\t\t<\/label><br \/>\n\t\t\t\t<input type=\"hidden\" id=\"woocommerce-login-nonce\" name=\"woocommerce-login-nonce\" value=\"9de19fa2f4\" \/><input type=\"hidden\" name=\"_wp_http_referer\" value=\"\/es\/wp-json\/wp\/v2\/pages\/9\" \/>\t\t\t\t<button type=\"submit\" class=\"woocommerce-button button woocommerce-form-login__submit\" name=\"login\" value=\"Acceder\">Acceder<\/button>\n\t\t\t<\/p>\n<p class=\"woocommerce-LostPassword lost_password\">\n\t\t\t\t<a href=\"https:\/\/activepraus.com\/es\/mi-cuenta\/lost-password\/\">\u00bfOlvidaste la contrase\u00f1a?<\/a>\n\t\t\t<\/p>\n<\/p><\/form>\n<\/p><\/div>\n<div class=\"u-column2 col-2\">\n<h2>Registrarse<\/h2>\n<form method=\"post\" class=\"woocommerce-form woocommerce-form-register register\"  >\n<p class=\"woocommerce-form-row woocommerce-form-row--wide form-row form-row-wide\">\n\t\t\t\t<label for=\"reg_email\">Direcci\u00f3n de correo electr\u00f3nico&nbsp;<span class=\"required\" aria-hidden=\"true\">*<\/span><span class=\"screen-reader-text\">Obligatorio<\/span><\/label><br \/>\n\t\t\t\t<input type=\"email\" class=\"woocommerce-Input woocommerce-Input--text input-text\" name=\"email\" id=\"reg_email\" autocomplete=\"email\" value=\"\" required aria-required=\"true\" \/>\t\t\t<\/p>\n<p>Se enviar\u00e1 un enlace a tu direcci\u00f3n de correo electr\u00f3nico para establecer una nueva contrase\u00f1a.<\/p>\n<p>\t\t\t<wc-order-attribution-inputs><\/wc-order-attribution-inputs><\/p>\n<div class=\"woocommerce-privacy-policy-text\">\n<p>Tus datos personales se utilizar\u00e1n para procesar tu pedido, mejorar tu experiencia en esta web, gestionar el acceso a tu cuenta y otros prop\u00f3sitos descritos en nuestra <a href=\"https:\/\/activepraus.com\/es\/privacy-2\/\" class=\"woocommerce-privacy-policy-link\" target=\"_blank\">pol\u00edtica de privacidad<\/a>.<\/p>\n<\/div>\n<p class=\"woocommerce-form-row form-row\">\n\t\t\t\t<input type=\"hidden\" id=\"woocommerce-register-nonce\" name=\"woocommerce-register-nonce\" value=\"3b3b98fa7e\" \/><input type=\"hidden\" name=\"_wp_http_referer\" value=\"\/es\/wp-json\/wp\/v2\/pages\/9\" \/>\t\t\t\t<button type=\"submit\" class=\"woocommerce-Button woocommerce-button button woocommerce-form-register__submit\" name=\"register\" value=\"Registrarse\">Registrarse<\/button>\n\t\t\t<\/p>\n<\/p><\/form>\n<\/p><\/div>\n<\/div>\n<\/div>\n\t\t\t\t\t\t\t\t<\/div>\n\t\t\t\t<\/div>\n\t\t\t\t<div class=\"elementor-element elementor-element-8d594fd elementor-widget elementor-widget-image\" data-id=\"8d594fd\" data-element_type=\"widget\" data-e-type=\"widget\" data-widget_type=\"image.default\">\n\t\t\t\t<div class=\"elementor-widget-container\">\n\t\t\t\t\t\t\t\t\t\t\t\t\t\t\t<img fetchpriority=\"high\" decoding=\"async\" width=\"1024\" height=\"428\" src=\"https:\/\/activepraus.com\/wp-content\/uploads\/2022\/07\/AP_Logo-02-1024x428.png\" class=\"attachment-large size-large wp-image-745\" alt=\"\" srcset=\"https:\/\/activepraus.com\/wp-content\/uploads\/2022\/07\/AP_Logo-02-1024x428.png 1024w, https:\/\/activepraus.com\/wp-content\/uploads\/2022\/07\/AP_Logo-02-300x125.png 300w, https:\/\/activepraus.com\/wp-content\/uploads\/2022\/07\/AP_Logo-02-768x321.png 768w, https:\/\/activepraus.com\/wp-content\/uploads\/2022\/07\/AP_Logo-02-1536x642.png 1536w, https:\/\/activepraus.com\/wp-content\/uploads\/2022\/07\/AP_Logo-02-600x251.png 600w, https:\/\/activepraus.com\/wp-content\/uploads\/2022\/07\/AP_Logo-02.png 1616w\" sizes=\"(max-width: 1024px) 100vw, 1024px\" \/>\t\t\t\t\t\t\t\t\t\t\t\t\t\t\t<\/div>\n\t\t\t\t<\/div>\n\t\t\t\t\t<\/div>\n\t\t<\/div>\n\t\t\t\t\t<\/div>\n\t\t<\/section>\n\t\t\t\t<section class=\"elementor-section elementor-top-section elementor-element elementor-element-816f490 elementor-section-boxed elementor-section-height-default elementor-section-height-default\" data-id=\"816f490\" data-element_type=\"section\" data-e-type=\"section\" data-settings=\"{&quot;background_background&quot;:&quot;classic&quot;}\">\n\t\t\t\t\t\t<div class=\"elementor-container elementor-column-gap-default\">\n\t\t\t\t\t<div class=\"elementor-column elementor-col-100 elementor-top-column elementor-element elementor-element-31ff2d3\" data-id=\"31ff2d3\" data-element_type=\"column\" data-e-type=\"column\">\n\t\t\t<div class=\"elementor-widget-wrap elementor-element-populated\">\n\t\t\t\t\t\t<div class=\"elementor-element elementor-element-6431a4f elementor-widget elementor-widget-copyright\" data-id=\"6431a4f\" data-element_type=\"widget\" data-e-type=\"widget\" data-settings=\"{&quot;align&quot;:&quot;center&quot;}\" data-widget_type=\"copyright.default\">\n\t\t\t\t<div class=\"elementor-widget-container\">\n\t\t\t\t\t\t\t<div class=\"hfe-copyright-wrapper\">\n\t\t\t\t\t\t\t<span>Copyright \u00a9 2026 ACTIVE PRAUS | Powered by ACTIVE PRAUS<\/span>\n\t\t\t\t\t<\/div>\n\t\t\t\t\t\t<\/div>\n\t\t\t\t<\/div>\n\t\t\t\t\t<\/div>\n\t\t<\/div>\n\t\t\t\t\t<\/div>\n\t\t<\/section>\n\t\t\t\t<\/div>\n\t\t","protected":false},"excerpt":{"rendered":"<p>Copyright \u00a9 | Powered by<\/p>\n","protected":false},"author":8,"featured_media":0,"parent":0,"menu_order":0,"comment_status":"closed","ping_status":"closed","template":"elementor_header_footer","meta":{"_coblocks_attr":"","_coblocks_dimensions":"","_coblocks_responsive_height":"","_coblocks_accordion_ie_support":"","site-sidebar-layout":"default","site-content-layout":"","ast-site-content-layout":"default","site-content-style":"default","site-sidebar-style":"default","ast-global-header-display":"","ast-banner-title-visibility":"","ast-main-header-display":"","ast-hfb-above-header-display":"","ast-hfb-below-header-display":"","ast-hfb-mobile-header-display":"","site-post-title":"","ast-breadcrumbs-content":"","ast-featured-img":"","footer-sml-layout":"","ast-disable-related-posts":"","theme-transparent-header-meta":"","adv-header-id-meta":"","stick-header-meta":"","header-above-stick-meta":"","header-main-stick-meta":"","header-below-stick-meta":"","astra-migrate-meta-layouts":"default","ast-page-background-enabled":"default","ast-page-background-meta":{"desktop":{"background-color":"var(--ast-global-color-4)","background-image":"","background-repeat":"repeat","background-position":"center center","background-size":"auto","background-attachment":"scroll","background-type":"","background-media":"","overlay-type":"","overlay-color":"","overlay-opacity":"","overlay-gradient":""},"tablet":{"background-color":"","background-image":"","background-repeat":"repeat","background-position":"center center","background-size":"auto","background-attachment":"scroll","background-type":"","background-media":"","overlay-type":"","overlay-color":"","overlay-opacity":"","overlay-gradient":""},"mobile":{"background-color":"","background-image":"","background-repeat":"repeat","background-position":"center center","background-size":"auto","background-attachment":"scroll","background-type":"","background-media":"","overlay-type":"","overlay-color":"","overlay-opacity":"","overlay-gradient":""}},"ast-content-background-meta":{"desktop":{"background-color":"var(--ast-global-color-5)","background-image":"","background-repeat":"repeat","background-position":"center center","background-size":"auto","background-attachment":"scroll","background-type":"","background-media":"","overlay-type":"","overlay-color":"","overlay-opacity":"","overlay-gradient":""},"tablet":{"background-color":"var(--ast-global-color-5)","background-image":"","background-repeat":"repeat","background-position":"center center","background-size":"auto","background-attachment":"scroll","background-type":"","background-media":"","overlay-type":"","overlay-color":"","overlay-opacity":"","overlay-gradient":""},"mobile":{"background-color":"var(--ast-global-color-5)","background-image":"","background-repeat":"repeat","background-position":"center center","background-size":"auto","background-attachment":"scroll","background-type":"","background-media":"","overlay-type":"","overlay-color":"","overlay-opacity":"","overlay-gradient":""}},"_joinchat":[],"footnotes":""},"class_list":["post-9","page","type-page","status-publish","hentry"],"yoast_head":"<!-- This site is optimized with the Yoast SEO plugin v27.5 - https:\/\/yoast.com\/product\/yoast-seo-wordpress\/ -->\n<title>MI CUENTA - ACTIVE PRAUS<\/title>\n<meta name=\"robots\" content=\"index, follow, max-snippet:-1, max-image-preview:large, max-video-preview:-1\" \/>\n<link rel=\"canonical\" href=\"https:\/\/activepraus.com\/es\/mi-cuenta\/\" \/>\n<meta property=\"og:locale\" content=\"es_MX\" \/>\n<meta property=\"og:type\" content=\"article\" \/>\n<meta property=\"og:title\" content=\"MI CUENTA - ACTIVE PRAUS\" \/>\n<meta property=\"og:description\" content=\"Copyright \u00a9 | Powered by\" \/>\n<meta property=\"og:url\" content=\"https:\/\/activepraus.com\/es\/mi-cuenta\/\" \/>\n<meta property=\"og:site_name\" content=\"ACTIVE PRAUS\" \/>\n<meta property=\"article:modified_time\" content=\"2023-04-18T03:29:14+00:00\" \/>\n<meta property=\"og:image\" content=\"https:\/\/activepraus.com\/wp-content\/uploads\/2022\/07\/AP_Logo-02-1024x428.png\" \/>\n<meta name=\"twitter:card\" content=\"summary_large_image\" \/>\n<meta name=\"twitter:label1\" content=\"Tiempo de lectura\" \/>\n\t<meta name=\"twitter:data1\" content=\"1 minuto\" \/>\n<script type=\"application\/ld+json\" class=\"yoast-schema-graph\">{\"@context\":\"https:\\\/\\\/schema.org\",\"@graph\":[{\"@type\":\"WebPage\",\"@id\":\"https:\\\/\\\/activepraus.com\\\/en\\\/mi-cuenta\\\/\",\"url\":\"https:\\\/\\\/activepraus.com\\\/en\\\/mi-cuenta\\\/\",\"name\":\"MI CUENTA - ACTIVE PRAUS\",\"isPartOf\":{\"@id\":\"https:\\\/\\\/activepraus.com\\\/en\\\/#website\"},\"primaryImageOfPage\":{\"@id\":\"https:\\\/\\\/activepraus.com\\\/en\\\/mi-cuenta\\\/#primaryimage\"},\"image\":{\"@id\":\"https:\\\/\\\/activepraus.com\\\/en\\\/mi-cuenta\\\/#primaryimage\"},\"thumbnailUrl\":\"https:\\\/\\\/activepraus.com\\\/wp-content\\\/uploads\\\/2022\\\/07\\\/AP_Logo-02-1024x428.png\",\"datePublished\":\"2022-06-09T05:17:39+00:00\",\"dateModified\":\"2023-04-18T03:29:14+00:00\",\"breadcrumb\":{\"@id\":\"https:\\\/\\\/activepraus.com\\\/en\\\/mi-cuenta\\\/#breadcrumb\"},\"inLanguage\":\"es\",\"potentialAction\":[{\"@type\":\"ReadAction\",\"target\":[\"https:\\\/\\\/activepraus.com\\\/en\\\/mi-cuenta\\\/\"]}]},{\"@type\":\"ImageObject\",\"inLanguage\":\"es\",\"@id\":\"https:\\\/\\\/activepraus.com\\\/en\\\/mi-cuenta\\\/#primaryimage\",\"url\":\"https:\\\/\\\/activepraus.com\\\/wp-content\\\/uploads\\\/2022\\\/07\\\/AP_Logo-02-1024x428.png\",\"contentUrl\":\"https:\\\/\\\/activepraus.com\\\/wp-content\\\/uploads\\\/2022\\\/07\\\/AP_Logo-02-1024x428.png\"},{\"@type\":\"BreadcrumbList\",\"@id\":\"https:\\\/\\\/activepraus.com\\\/en\\\/mi-cuenta\\\/#breadcrumb\",\"itemListElement\":[{\"@type\":\"ListItem\",\"position\":1,\"name\":\"Home\",\"item\":\"https:\\\/\\\/activepraus.com\\\/es\\\/\"},{\"@type\":\"ListItem\",\"position\":2,\"name\":\"MI CUENTA\"}]},{\"@type\":\"WebSite\",\"@id\":\"https:\\\/\\\/activepraus.com\\\/en\\\/#website\",\"url\":\"https:\\\/\\\/activepraus.com\\\/en\\\/\",\"name\":\"ACTIVE PRAUS\",\"description\":\"ACTIVE PRAUS - LINEA DE ROPA DEPORTIVA\",\"publisher\":{\"@id\":\"https:\\\/\\\/activepraus.com\\\/en\\\/#organization\"},\"potentialAction\":[{\"@type\":\"SearchAction\",\"target\":{\"@type\":\"EntryPoint\",\"urlTemplate\":\"https:\\\/\\\/activepraus.com\\\/en\\\/?s={search_term_string}\"},\"query-input\":{\"@type\":\"PropertyValueSpecification\",\"valueRequired\":true,\"valueName\":\"search_term_string\"}}],\"inLanguage\":\"es\"},{\"@type\":\"Organization\",\"@id\":\"https:\\\/\\\/activepraus.com\\\/en\\\/#organization\",\"name\":\"ACTIVE PRAUS\",\"url\":\"https:\\\/\\\/activepraus.com\\\/en\\\/\",\"logo\":{\"@type\":\"ImageObject\",\"inLanguage\":\"es\",\"@id\":\"https:\\\/\\\/activepraus.com\\\/en\\\/#\\\/schema\\\/logo\\\/image\\\/\",\"url\":\"https:\\\/\\\/activepraus.com\\\/wp-content\\\/uploads\\\/2022\\\/06\\\/cropped-AP_Logo_1.png\",\"contentUrl\":\"https:\\\/\\\/activepraus.com\\\/wp-content\\\/uploads\\\/2022\\\/06\\\/cropped-AP_Logo_1.png\",\"width\":761,\"height\":139,\"caption\":\"ACTIVE PRAUS\"},\"image\":{\"@id\":\"https:\\\/\\\/activepraus.com\\\/en\\\/#\\\/schema\\\/logo\\\/image\\\/\"}}]}<\/script>\n<!-- \/ Yoast SEO plugin. -->","yoast_head_json":{"title":"MI CUENTA - ACTIVE PRAUS","robots":{"index":"index","follow":"follow","max-snippet":"max-snippet:-1","max-image-preview":"max-image-preview:large","max-video-preview":"max-video-preview:-1"},"canonical":"https:\/\/activepraus.com\/es\/mi-cuenta\/","og_locale":"es_MX","og_type":"article","og_title":"MI CUENTA - ACTIVE PRAUS","og_description":"Copyright \u00a9 | Powered by","og_url":"https:\/\/activepraus.com\/es\/mi-cuenta\/","og_site_name":"ACTIVE PRAUS","article_modified_time":"2023-04-18T03:29:14+00:00","og_image":[{"url":"https:\/\/activepraus.com\/wp-content\/uploads\/2022\/07\/AP_Logo-02-1024x428.png","type":"","width":"","height":""}],"twitter_card":"summary_large_image","twitter_misc":{"Tiempo de lectura":"1 minuto"},"schema":{"@context":"https:\/\/schema.org","@graph":[{"@type":"WebPage","@id":"https:\/\/activepraus.com\/en\/mi-cuenta\/","url":"https:\/\/activepraus.com\/en\/mi-cuenta\/","name":"MI CUENTA - ACTIVE PRAUS","isPartOf":{"@id":"https:\/\/activepraus.com\/en\/#website"},"primaryImageOfPage":{"@id":"https:\/\/activepraus.com\/en\/mi-cuenta\/#primaryimage"},"image":{"@id":"https:\/\/activepraus.com\/en\/mi-cuenta\/#primaryimage"},"thumbnailUrl":"https:\/\/activepraus.com\/wp-content\/uploads\/2022\/07\/AP_Logo-02-1024x428.png","datePublished":"2022-06-09T05:17:39+00:00","dateModified":"2023-04-18T03:29:14+00:00","breadcrumb":{"@id":"https:\/\/activepraus.com\/en\/mi-cuenta\/#breadcrumb"},"inLanguage":"es","potentialAction":[{"@type":"ReadAction","target":["https:\/\/activepraus.com\/en\/mi-cuenta\/"]}]},{"@type":"ImageObject","inLanguage":"es","@id":"https:\/\/activepraus.com\/en\/mi-cuenta\/#primaryimage","url":"https:\/\/activepraus.com\/wp-content\/uploads\/2022\/07\/AP_Logo-02-1024x428.png","contentUrl":"https:\/\/activepraus.com\/wp-content\/uploads\/2022\/07\/AP_Logo-02-1024x428.png"},{"@type":"BreadcrumbList","@id":"https:\/\/activepraus.com\/en\/mi-cuenta\/#breadcrumb","itemListElement":[{"@type":"ListItem","position":1,"name":"Home","item":"https:\/\/activepraus.com\/es\/"},{"@type":"ListItem","position":2,"name":"MI CUENTA"}]},{"@type":"WebSite","@id":"https:\/\/activepraus.com\/en\/#website","url":"https:\/\/activepraus.com\/en\/","name":"ACTIVE PRAUS","description":"ACTIVE PRAUS - LINEA DE ROPA DEPORTIVA","publisher":{"@id":"https:\/\/activepraus.com\/en\/#organization"},"potentialAction":[{"@type":"SearchAction","target":{"@type":"EntryPoint","urlTemplate":"https:\/\/activepraus.com\/en\/?s={search_term_string}"},"query-input":{"@type":"PropertyValueSpecification","valueRequired":true,"valueName":"search_term_string"}}],"inLanguage":"es"},{"@type":"Organization","@id":"https:\/\/activepraus.com\/en\/#organization","name":"ACTIVE PRAUS","url":"https:\/\/activepraus.com\/en\/","logo":{"@type":"ImageObject","inLanguage":"es","@id":"https:\/\/activepraus.com\/en\/#\/schema\/logo\/image\/","url":"https:\/\/activepraus.com\/wp-content\/uploads\/2022\/06\/cropped-AP_Logo_1.png","contentUrl":"https:\/\/activepraus.com\/wp-content\/uploads\/2022\/06\/cropped-AP_Logo_1.png","width":761,"height":139,"caption":"ACTIVE PRAUS"},"image":{"@id":"https:\/\/activepraus.com\/en\/#\/schema\/logo\/image\/"}}]}},"_links":{"self":[{"href":"https:\/\/activepraus.com\/es\/wp-json\/wp\/v2\/pages\/9","targetHints":{"allow":["GET"]}}],"collection":[{"href":"https:\/\/activepraus.com\/es\/wp-json\/wp\/v2\/pages"}],"about":[{"href":"https:\/\/activepraus.com\/es\/wp-json\/wp\/v2\/types\/page"}],"author":[{"embeddable":true,"href":"https:\/\/activepraus.com\/es\/wp-json\/wp\/v2\/users\/8"}],"replies":[{"embeddable":true,"href":"https:\/\/activepraus.com\/es\/wp-json\/wp\/v2\/comments?post=9"}],"version-history":[{"count":23,"href":"https:\/\/activepraus.com\/es\/wp-json\/wp\/v2\/pages\/9\/revisions"}],"predecessor-version":[{"id":1890,"href":"https:\/\/activepraus.com\/es\/wp-json\/wp\/v2\/pages\/9\/revisions\/1890"}],"wp:attachment":[{"href":"https:\/\/activepraus.com\/es\/wp-json\/wp\/v2\/media?parent=9"}],"curies":[{"name":"wp","href":"https:\/\/api.w.org\/{rel}","templated":true}]}}