{"id":2084,"date":"2024-10-19T21:01:01","date_gmt":"2024-10-19T21:01:01","guid":{"rendered":"https:\/\/activepraus.com\/?page_id=2084"},"modified":"2025-04-01T21:37:21","modified_gmt":"2025-04-01T21:37:21","slug":"politica-de-privacidad","status":"publish","type":"page","link":"https:\/\/activepraus.com\/es\/politica-de-privacidad\/","title":{"rendered":"Pol\u00edtica de privacidad"},"content":{"rendered":"\t\t<div data-elementor-type=\"wp-page\" data-elementor-id=\"2084\" class=\"elementor elementor-2084\" data-elementor-post-type=\"page\">\n\t\t\t\t\t\t<section class=\"elementor-section elementor-top-section elementor-element elementor-element-62678ff7 elementor-section-boxed elementor-section-height-default elementor-section-height-default\" data-id=\"62678ff7\" data-element_type=\"section\" data-e-type=\"section\">\n\t\t\t\t\t\t<div class=\"elementor-container elementor-column-gap-default\">\n\t\t\t\t\t<div class=\"elementor-column elementor-col-100 elementor-top-column elementor-element elementor-element-5f590a64\" data-id=\"5f590a64\" data-element_type=\"column\" data-e-type=\"column\">\n\t\t\t<div class=\"elementor-widget-wrap elementor-element-populated\">\n\t\t\t\t\t\t<div class=\"elementor-element elementor-element-5cc78f12 elementor-widget elementor-widget-text-editor\" data-id=\"5cc78f12\" data-element_type=\"widget\" data-e-type=\"widget\" data-widget_type=\"text-editor.default\">\n\t\t\t\t<div class=\"elementor-widget-container\">\n\t\t\t\t\t\t\t\t\t\n<h2 class=\"wp-block-heading\">Qui\u00e9nes somos<\/h2>\n\n<p>Active Praus (en adelante &#8220;nosotros&#8221;, &#8220;nuestro&#8221; o &#8220;la empresa&#8221;) valora la privacidad de sus clientes y se compromete a proteger su informaci\u00f3n personal. Esta Pol\u00edtica de Privacidad describe qu\u00e9 datos recopilamos, c\u00f3mo los usamos y las opciones que tienes respecto a su manejo.<\/p>\n\n<p>Fundamento Legal: Esta pol\u00edtica se establece conforme a la Ley Federal de Protecci\u00f3n de Datos Personales en Posesi\u00f3n de los Particulares (LFPDPPP) y su reglamento en M\u00e9xico.<\/p>\n\n<ul class=\"wp-block-list\">\n<li>Art\u00edculos aplicables: Art. 8, 12, 14, 15, 16 y 37 de la LFPDPPP.<\/li>\n<\/ul>\n\n<h2 class=\"wp-block-heading\">Comentarios<\/h2>\n\n<p><strong class=\"privacy-policy-tutorial\">Texto sugerido: <\/strong>Cuando los visitantes dejan comentarios en la web, recopilamos los datos que se muestran en el formulario de comentarios, as\u00ed como la direcci\u00f3n IP del visitante y la cadena de agentes de usuario del navegador para ayudar a la detecci\u00f3n de spam.<\/p>\n\n<p>Una cadena an\u00f3nima creada a partir de tu direcci\u00f3n de correo electr\u00f3nico (tambi\u00e9n llamada hash) puede ser proporcionada al servicio de Gravatar para ver si la est\u00e1s usando. La pol\u00edtica de privacidad del servicio Gravatar est\u00e1 disponible aqu\u00ed: https:\/\/automattic.com\/privacy\/. Despu\u00e9s de la aprobaci\u00f3n de tu comentario, la imagen de tu perfil es visible para el p\u00fablico en el contexto de su comentario.<\/p>\n\n<h2 class=\"wp-block-heading\">Informaci\u00f3n Recopilada:<\/h2>\n\n<p>Recopilamos los siguientes datos personales al momento de realizar una compra o registrarte en nuestro sitio:<\/p>\n\n<ul class=\"wp-block-list\">\n<li>Nombre completo<\/li>\n\n<li>Direcci\u00f3n (calle, n\u00famero, colonia, c\u00f3digo postal, ciudad y estado)<\/li>\n\n<li>Correo electr\u00f3nico<\/li>\n\n<li>N\u00famero de tel\u00e9fono<\/li>\n\n<li>Datos de tarjetas de cr\u00e9dito\/d\u00e9bito (procesados a trav\u00e9s de terceros seguros como<br \/>PayPal)<\/li>\n<\/ul>\n\n<h2 class=\"wp-block-heading\">Uso de la Informaci\u00f3n<\/h2>\n\n<p>Utilizamos tu informaci\u00f3n exclusivamente para:<\/p>\n\n<ul class=\"wp-block-list\">\n<li>Procesar y enviar pedidos<\/li>\n\n<li>Brindar atenci\u00f3n al cliente<\/li>\n\n<li>Enviar actualizaciones y promociones (con tu consentimiento)<\/li>\n\n<li>Mejorar nuestros servicios y sitio web<\/li>\n<\/ul>\n\n<p>\u00a0<\/p>\n\n<h2 class=\"wp-block-heading\">Protecci\u00f3n de Datos:<\/h2>\n\n<p>No compartimos tu informaci\u00f3n con terceros ajenos a Active Praus. Tus datos se utilizan solo para los fines mencionados y son almacenados de forma segura.<\/p>\n\n<h2 class=\"wp-block-heading\">Transferencia de Datos Personales:<\/h2>\n\n<p>En caso de ser necesario, Active Praus podr\u00e1 transferir datos personales a terceros que presten servicios complementarios, como procesamiento de pagos y log\u00edstica, asegurando el cumplimiento de la legislaci\u00f3n aplicable.<\/p>\n\n<h2 class=\"wp-block-heading\">Medidas de Seguridad:<\/h2>\n\n<p>Implementamos medidas de seguridad administrativas, t\u00e9cnicas y f\u00edsicas para proteger los datos personales contra p\u00e9rdida, uso indebido o acceso no autorizado.<\/p>\n\n<p>De los usuarios que se registran en nuestra web (si los hay), tambi\u00e9n almacenamos la informaci\u00f3n personal que proporcionan en su perfil de usuario. Todos los usuarios pueden ver, editar o eliminar su informaci\u00f3n personal en cualquier momento (excepto que no pueden cambiar su nombre de usuario). Los administradores de la web tambi\u00e9n pueden ver y editar esa informaci\u00f3n.<\/p>\n\n<h2 class=\"wp-block-heading\">Derechos del Usuario (ARCO):<\/h2>\n\n<p>Puedes ejercer tus derechos de Acceso, Rectificaci\u00f3n, Cancelaci\u00f3n y Oposici\u00f3n (ARCO) envi\u00e1ndonos un correo a contacto@activepraus.com con tu solicitud. Responderemos dentro del plazo legal establecido.<\/p>\n\n<h2 class=\"wp-block-heading\">Periodo de Retenci\u00f3n de Datos:<\/h2>\n\n<p>Los datos personales se conservar\u00e1n solo durante el tiempo necesario para cumplir con los fines del tratamiento o conforme lo exijan las disposiciones legales aplicables.<\/p>\n\n<h2 class=\"wp-block-heading\">Revocaci\u00f3n del Consentimiento:<\/h2>\n\n<p>Si deseas revocar el consentimiento para el tratamiento de tus datos personales, puedes enviarnos una solicitud a contacto@activepraus.com. Evaluaremos tu caso y te responderemos en un plazo de 3 d\u00edas h\u00e1biles.<\/p>\n\n<h2 class=\"wp-block-heading\">Modificaciones a la Pol\u00edtica de Privacidad:<\/h2>\n\n<p>Nos reservamos el derecho de modificar esta Pol\u00edtica de Privacidad en cualquier momento. Los cambios ser\u00e1n notificados en nuestra p\u00e1gina web.<\/p>\n\n<p>\u00a0<\/p>\n\t\t\t\t\t\t\t\t<\/div>\n\t\t\t\t<\/div>\n\t\t\t\t\t<\/div>\n\t\t<\/div>\n\t\t\t\t\t<\/div>\n\t\t<\/section>\n\t\t\t\t<\/div>\n\t\t","protected":false},"excerpt":{"rendered":"<p>Qui\u00e9nes somos Active Praus (en adelante &#8220;nosotros&#8221;, &#8220;nuestro&#8221; o &#8220;la empresa&#8221;) valora la privacidad de sus clientes y se compromete a proteger su informaci\u00f3n personal. Esta Pol\u00edtica de Privacidad describe qu\u00e9 datos recopilamos, c\u00f3mo los usamos y las opciones que tienes respecto a su manejo. Fundamento Legal: Esta pol\u00edtica se establece conforme a la Ley [&hellip;]<\/p>\n","protected":false},"author":8,"featured_media":0,"parent":0,"menu_order":0,"comment_status":"closed","ping_status":"closed","template":"","meta":{"_coblocks_attr":"","_coblocks_dimensions":"","_coblocks_responsive_height":"","_coblocks_accordion_ie_support":"","site-sidebar-layout":"default","site-content-layout":"","ast-site-content-layout":"default","site-content-style":"default","site-sidebar-style":"default","ast-global-header-display":"","ast-banner-title-visibility":"","ast-main-header-display":"","ast-hfb-above-header-display":"","ast-hfb-below-header-display":"","ast-hfb-mobile-header-display":"","site-post-title":"","ast-breadcrumbs-content":"","ast-featured-img":"","footer-sml-layout":"","ast-disable-related-posts":"","theme-transparent-header-meta":"","adv-header-id-meta":"","stick-header-meta":"","header-above-stick-meta":"","header-main-stick-meta":"","header-below-stick-meta":"","astra-migrate-meta-layouts":"set","ast-page-background-enabled":"default","ast-page-background-meta":{"desktop":{"background-color":"var(--ast-global-color-4)","background-image":"","background-repeat":"repeat","background-position":"center center","background-size":"auto","background-attachment":"scroll","background-type":"","background-media":"","overlay-type":"","overlay-color":"","overlay-opacity":"","overlay-gradient":""},"tablet":{"background-color":"","background-image":"","background-repeat":"repeat","background-position":"center center","background-size":"auto","background-attachment":"scroll","background-type":"","background-media":"","overlay-type":"","overlay-color":"","overlay-opacity":"","overlay-gradient":""},"mobile":{"background-color":"","background-image":"","background-repeat":"repeat","background-position":"center center","background-size":"auto","background-attachment":"scroll","background-type":"","background-media":"","overlay-type":"","overlay-color":"","overlay-opacity":"","overlay-gradient":""}},"ast-content-background-meta":{"desktop":{"background-color":"var(--ast-global-color-5)","background-image":"","background-repeat":"repeat","background-position":"center center","background-size":"auto","background-attachment":"scroll","background-type":"","background-media":"","overlay-type":"","overlay-color":"","overlay-opacity":"","overlay-gradient":""},"tablet":{"background-color":"var(--ast-global-color-5)","background-image":"","background-repeat":"repeat","background-position":"center center","background-size":"auto","background-attachment":"scroll","background-type":"","background-media":"","overlay-type":"","overlay-color":"","overlay-opacity":"","overlay-gradient":""},"mobile":{"background-color":"var(--ast-global-color-5)","background-image":"","background-repeat":"repeat","background-position":"center center","background-size":"auto","background-attachment":"scroll","background-type":"","background-media":"","overlay-type":"","overlay-color":"","overlay-opacity":"","overlay-gradient":""}},"_joinchat":[],"footnotes":""},"class_list":["post-2084","page","type-page","status-publish","hentry"],"yoast_head":"<!-- This site is optimized with the Yoast SEO plugin v27.5 - https:\/\/yoast.com\/product\/yoast-seo-wordpress\/ -->\n<title>Pol\u00edtica de privacidad - ACTIVE PRAUS<\/title>\n<meta name=\"robots\" content=\"index, follow, max-snippet:-1, max-image-preview:large, max-video-preview:-1\" \/>\n<link rel=\"canonical\" href=\"https:\/\/activepraus.com\/es\/politica-de-privacidad\/\" \/>\n<meta property=\"og:locale\" content=\"es_MX\" \/>\n<meta property=\"og:type\" content=\"article\" \/>\n<meta property=\"og:title\" content=\"Pol\u00edtica de privacidad - ACTIVE PRAUS\" \/>\n<meta property=\"og:description\" content=\"Qui\u00e9nes somos Active Praus (en adelante &#8220;nosotros&#8221;, &#8220;nuestro&#8221; o &#8220;la empresa&#8221;) valora la privacidad de sus clientes y se compromete a proteger su informaci\u00f3n personal. Esta Pol\u00edtica de Privacidad describe qu\u00e9 datos recopilamos, c\u00f3mo los usamos y las opciones que tienes respecto a su manejo. Fundamento Legal: Esta pol\u00edtica se establece conforme a la Ley [&hellip;]\" \/>\n<meta property=\"og:url\" content=\"https:\/\/activepraus.com\/es\/politica-de-privacidad\/\" \/>\n<meta property=\"og:site_name\" content=\"ACTIVE PRAUS\" \/>\n<meta property=\"article:modified_time\" content=\"2025-04-01T21:37:21+00:00\" \/>\n<meta name=\"twitter:card\" content=\"summary_large_image\" \/>\n<meta name=\"twitter:label1\" content=\"Tiempo de lectura\" \/>\n\t<meta name=\"twitter:data1\" content=\"3 minutos\" \/>\n<script type=\"application\/ld+json\" class=\"yoast-schema-graph\">{\"@context\":\"https:\\\/\\\/schema.org\",\"@graph\":[{\"@type\":\"WebPage\",\"@id\":\"https:\\\/\\\/activepraus.com\\\/es\\\/politica-de-privacidad\\\/\",\"url\":\"https:\\\/\\\/activepraus.com\\\/es\\\/politica-de-privacidad\\\/\",\"name\":\"Pol\u00edtica de privacidad - ACTIVE PRAUS\",\"isPartOf\":{\"@id\":\"https:\\\/\\\/activepraus.com\\\/en\\\/#website\"},\"datePublished\":\"2024-10-19T21:01:01+00:00\",\"dateModified\":\"2025-04-01T21:37:21+00:00\",\"breadcrumb\":{\"@id\":\"https:\\\/\\\/activepraus.com\\\/es\\\/politica-de-privacidad\\\/#breadcrumb\"},\"inLanguage\":\"es\",\"potentialAction\":[{\"@type\":\"ReadAction\",\"target\":[\"https:\\\/\\\/activepraus.com\\\/es\\\/politica-de-privacidad\\\/\"]}]},{\"@type\":\"BreadcrumbList\",\"@id\":\"https:\\\/\\\/activepraus.com\\\/es\\\/politica-de-privacidad\\\/#breadcrumb\",\"itemListElement\":[{\"@type\":\"ListItem\",\"position\":1,\"name\":\"Home\",\"item\":\"https:\\\/\\\/activepraus.com\\\/es\\\/\"},{\"@type\":\"ListItem\",\"position\":2,\"name\":\"Pol\u00edtica de privacidad\"}]},{\"@type\":\"WebSite\",\"@id\":\"https:\\\/\\\/activepraus.com\\\/en\\\/#website\",\"url\":\"https:\\\/\\\/activepraus.com\\\/en\\\/\",\"name\":\"ACTIVE PRAUS\",\"description\":\"ACTIVE PRAUS - LINEA DE ROPA DEPORTIVA\",\"publisher\":{\"@id\":\"https:\\\/\\\/activepraus.com\\\/en\\\/#organization\"},\"potentialAction\":[{\"@type\":\"SearchAction\",\"target\":{\"@type\":\"EntryPoint\",\"urlTemplate\":\"https:\\\/\\\/activepraus.com\\\/en\\\/?s={search_term_string}\"},\"query-input\":{\"@type\":\"PropertyValueSpecification\",\"valueRequired\":true,\"valueName\":\"search_term_string\"}}],\"inLanguage\":\"es\"},{\"@type\":\"Organization\",\"@id\":\"https:\\\/\\\/activepraus.com\\\/en\\\/#organization\",\"name\":\"ACTIVE PRAUS\",\"url\":\"https:\\\/\\\/activepraus.com\\\/en\\\/\",\"logo\":{\"@type\":\"ImageObject\",\"inLanguage\":\"es\",\"@id\":\"https:\\\/\\\/activepraus.com\\\/en\\\/#\\\/schema\\\/logo\\\/image\\\/\",\"url\":\"https:\\\/\\\/activepraus.com\\\/wp-content\\\/uploads\\\/2022\\\/06\\\/cropped-AP_Logo_1.png\",\"contentUrl\":\"https:\\\/\\\/activepraus.com\\\/wp-content\\\/uploads\\\/2022\\\/06\\\/cropped-AP_Logo_1.png\",\"width\":761,\"height\":139,\"caption\":\"ACTIVE PRAUS\"},\"image\":{\"@id\":\"https:\\\/\\\/activepraus.com\\\/en\\\/#\\\/schema\\\/logo\\\/image\\\/\"}}]}<\/script>\n<!-- \/ Yoast SEO plugin. -->","yoast_head_json":{"title":"Pol\u00edtica de privacidad - ACTIVE PRAUS","robots":{"index":"index","follow":"follow","max-snippet":"max-snippet:-1","max-image-preview":"max-image-preview:large","max-video-preview":"max-video-preview:-1"},"canonical":"https:\/\/activepraus.com\/es\/politica-de-privacidad\/","og_locale":"es_MX","og_type":"article","og_title":"Pol\u00edtica de privacidad - ACTIVE PRAUS","og_description":"Qui\u00e9nes somos Active Praus (en adelante &#8220;nosotros&#8221;, &#8220;nuestro&#8221; o &#8220;la empresa&#8221;) valora la privacidad de sus clientes y se compromete a proteger su informaci\u00f3n personal. Esta Pol\u00edtica de Privacidad describe qu\u00e9 datos recopilamos, c\u00f3mo los usamos y las opciones que tienes respecto a su manejo. Fundamento Legal: Esta pol\u00edtica se establece conforme a la Ley [&hellip;]","og_url":"https:\/\/activepraus.com\/es\/politica-de-privacidad\/","og_site_name":"ACTIVE PRAUS","article_modified_time":"2025-04-01T21:37:21+00:00","twitter_card":"summary_large_image","twitter_misc":{"Tiempo de lectura":"3 minutos"},"schema":{"@context":"https:\/\/schema.org","@graph":[{"@type":"WebPage","@id":"https:\/\/activepraus.com\/es\/politica-de-privacidad\/","url":"https:\/\/activepraus.com\/es\/politica-de-privacidad\/","name":"Pol\u00edtica de privacidad - ACTIVE PRAUS","isPartOf":{"@id":"https:\/\/activepraus.com\/en\/#website"},"datePublished":"2024-10-19T21:01:01+00:00","dateModified":"2025-04-01T21:37:21+00:00","breadcrumb":{"@id":"https:\/\/activepraus.com\/es\/politica-de-privacidad\/#breadcrumb"},"inLanguage":"es","potentialAction":[{"@type":"ReadAction","target":["https:\/\/activepraus.com\/es\/politica-de-privacidad\/"]}]},{"@type":"BreadcrumbList","@id":"https:\/\/activepraus.com\/es\/politica-de-privacidad\/#breadcrumb","itemListElement":[{"@type":"ListItem","position":1,"name":"Home","item":"https:\/\/activepraus.com\/es\/"},{"@type":"ListItem","position":2,"name":"Pol\u00edtica de privacidad"}]},{"@type":"WebSite","@id":"https:\/\/activepraus.com\/en\/#website","url":"https:\/\/activepraus.com\/en\/","name":"ACTIVE PRAUS","description":"ACTIVE PRAUS - LINEA DE ROPA DEPORTIVA","publisher":{"@id":"https:\/\/activepraus.com\/en\/#organization"},"potentialAction":[{"@type":"SearchAction","target":{"@type":"EntryPoint","urlTemplate":"https:\/\/activepraus.com\/en\/?s={search_term_string}"},"query-input":{"@type":"PropertyValueSpecification","valueRequired":true,"valueName":"search_term_string"}}],"inLanguage":"es"},{"@type":"Organization","@id":"https:\/\/activepraus.com\/en\/#organization","name":"ACTIVE PRAUS","url":"https:\/\/activepraus.com\/en\/","logo":{"@type":"ImageObject","inLanguage":"es","@id":"https:\/\/activepraus.com\/en\/#\/schema\/logo\/image\/","url":"https:\/\/activepraus.com\/wp-content\/uploads\/2022\/06\/cropped-AP_Logo_1.png","contentUrl":"https:\/\/activepraus.com\/wp-content\/uploads\/2022\/06\/cropped-AP_Logo_1.png","width":761,"height":139,"caption":"ACTIVE PRAUS"},"image":{"@id":"https:\/\/activepraus.com\/en\/#\/schema\/logo\/image\/"}}]}},"_links":{"self":[{"href":"https:\/\/activepraus.com\/es\/wp-json\/wp\/v2\/pages\/2084","targetHints":{"allow":["GET"]}}],"collection":[{"href":"https:\/\/activepraus.com\/es\/wp-json\/wp\/v2\/pages"}],"about":[{"href":"https:\/\/activepraus.com\/es\/wp-json\/wp\/v2\/types\/page"}],"author":[{"embeddable":true,"href":"https:\/\/activepraus.com\/es\/wp-json\/wp\/v2\/users\/8"}],"replies":[{"embeddable":true,"href":"https:\/\/activepraus.com\/es\/wp-json\/wp\/v2\/comments?post=2084"}],"version-history":[{"count":10,"href":"https:\/\/activepraus.com\/es\/wp-json\/wp\/v2\/pages\/2084\/revisions"}],"predecessor-version":[{"id":2210,"href":"https:\/\/activepraus.com\/es\/wp-json\/wp\/v2\/pages\/2084\/revisions\/2210"}],"wp:attachment":[{"href":"https:\/\/activepraus.com\/es\/wp-json\/wp\/v2\/media?parent=2084"}],"curies":[{"name":"wp","href":"https:\/\/api.w.org\/{rel}","templated":true}]}}